{"id":19,"date":"2020-11-23T17:11:46","date_gmt":"2020-11-23T17:11:46","guid":{"rendered":"https:\/\/erea-joel-jeannot.fr\/?page_id=19"},"modified":"2024-07-02T12:31:53","modified_gmt":"2024-07-02T11:31:53","slug":"lerea","status":"publish","type":"page","link":"https:\/\/erea-joel-jeannot.fr\/?page_id=19","title":{"rendered":"l&rsquo;EREA"},"content":{"rendered":"\t\t<div data-elementor-type=\"wp-page\" data-elementor-id=\"19\" class=\"elementor elementor-19\" data-elementor-post-type=\"page\">\n\t\t\t\t\t\t<section class=\"elementor-section elementor-top-section elementor-element elementor-element-795885c elementor-section-boxed elementor-section-height-default elementor-section-height-default\" data-id=\"795885c\" data-element_type=\"section\" data-e-type=\"section\">\n\t\t\t\t\t\t<div class=\"elementor-container elementor-column-gap-default\">\n\t\t\t\t\t<div class=\"elementor-column elementor-col-100 elementor-top-column elementor-element elementor-element-f2f8418\" data-id=\"f2f8418\" data-element_type=\"column\" data-e-type=\"column\">\n\t\t\t<div class=\"elementor-widget-wrap elementor-element-populated\">\n\t\t\t\t\t\t<div class=\"elementor-element elementor-element-96cd85e elementor-widget elementor-widget-spacer\" data-id=\"96cd85e\" data-element_type=\"widget\" data-e-type=\"widget\" data-widget_type=\"spacer.default\">\n\t\t\t\t<div class=\"elementor-widget-container\">\n\t\t\t\t\t\t\t<div class=\"elementor-spacer\">\n\t\t\t<div class=\"elementor-spacer-inner\"><\/div>\n\t\t<\/div>\n\t\t\t\t\t\t<\/div>\n\t\t\t\t<\/div>\n\t\t\t\t\t<\/div>\n\t\t<\/div>\n\t\t\t\t\t<\/div>\n\t\t<\/section>\n\t\t\t\t<section class=\"elementor-section elementor-top-section elementor-element elementor-element-1f6659c elementor-section-boxed elementor-section-height-default elementor-section-height-default\" data-id=\"1f6659c\" data-element_type=\"section\" data-e-type=\"section\">\n\t\t\t\t\t\t<div class=\"elementor-container elementor-column-gap-default\">\n\t\t\t\t\t<div class=\"elementor-column elementor-col-33 elementor-top-column elementor-element elementor-element-35e1feb\" data-id=\"35e1feb\" data-element_type=\"column\" data-e-type=\"column\">\n\t\t\t<div class=\"elementor-widget-wrap elementor-element-populated\">\n\t\t\t\t\t\t<div class=\"elementor-element elementor-element-c231ce4 elementor-widget elementor-widget-heading\" data-id=\"c231ce4\" data-element_type=\"widget\" data-e-type=\"widget\" data-widget_type=\"heading.default\">\n\t\t\t\t<div class=\"elementor-widget-container\">\n\t\t\t\t\t<h2 class=\"elementor-heading-title elementor-size-default\">L'EREA<\/h2>\t\t\t\t<\/div>\n\t\t\t\t<\/div>\n\t\t\t\t<div class=\"elementor-element elementor-element-8aed296 elementor-widget elementor-widget-text-editor\" data-id=\"8aed296\" data-element_type=\"widget\" data-e-type=\"widget\" data-widget_type=\"text-editor.default\">\n\t\t\t\t<div class=\"elementor-widget-container\">\n\t\t\t\t\t\t\t\t\t<p>L\u2019EREA de Tr\u00e9lissac accueille des \u00e9l\u00e8ves \u00e0 partir de la 4\u00e8me\u00a0 S.E.G.P.A. jusqu&rsquo;\u00e0 la fin de la formation dipl\u00f4mante de niveau V valid\u00e9e par un CAP ou un CAPa (CAP agricole). Depuis la rentr\u00e9e 2007, il accueille \u00e9galement une ULIS Pro (Unit\u00e9 Localis\u00e9e pour l\u2019Inclusion Scolaire en lyc\u00e9e professionnel) qui accueille des adolescents en situation de handicap, inclus dans les formations professionnelles en fonction de leur projet.<\/p><p><strong>Les \u00e9l\u00e8ves de l&rsquo;EREA pr\u00e9sentent des besoins \u00e9ducatifs particuliers qui sont pris en compte par :<br \/><\/strong> <span style=\"color: #800000;\">&gt;<\/span> Un enseignement adapt\u00e9 et l\u2019\u00e9laboration progressive d\u2019un projet de formation.<br \/><span style=\"color: #800000;\">&gt;<\/span>\u00a0 L&rsquo;\u00e9laboration du projet d\u2019orientation et de formation. En 4\u00e8me et 3\u00e8me\u00a0 un temps important de la formation est consacr\u00e9 \u00e0 la d\u00e9couverte des activit\u00e9s et des m\u00e9tiers correspondant \u00e0 diff\u00e9rents champs professionnels.<br \/><span style=\"color: #800000;\">&gt;<\/span>\u00a0 La construction du projet personnel \u00e0 travers une prise en charge p\u00e9dagogique et \u00e9ducative qui prend en compte les aspirations et les capacit\u00e9s de chacun.<br \/><span style=\"color: #800000;\">&gt;<\/span>\u00a0 La pr\u00e9paration \u00e0 l&rsquo;insertion socio-professionnelle \u00e0 l\u2019issue de la formation dipl\u00f4mante (CAP ou CAPa).<\/p><p><strong>Une \u00e9quipe et un encadrement pluri-disciplinaire et pluri-cat\u00e9goriel \u00e0 votre \u00e9coute:<br \/><\/strong><span style=\"color: #800000;\">&gt;<\/span>\u00a0 Des professeurs des \u00e9coles, des professeurs de lyc\u00e9e professionnel, un professeur de lyc\u00e9e et coll\u00e8ge en EPS et des enseignants-\u00e9ducateurs d\u2019internat. Certains de ces professionnels sont des enseignants sp\u00e9cialis\u00e9s form\u00e9s \u00e0 la grande difficult\u00e9 scolaire.<br \/><span style=\"color: #800000;\">&gt;<\/span>\u00a0 Un p\u00f4le m\u00e9dico-social complet et disponible : infirmi\u00e8re, psychologue de l\u2019adolescent, psychologue, assistante sociale, m\u00e9decin g\u00e9n\u00e9raliste en cas de besoin le mercredi matin.<br \/><span style=\"color: #800000;\">&gt;<\/span> \u2022 Un service de vie scolaire avec une CPE et 8 assistants d\u2019\u00e9ducation (pas tous \u00e0 plein temps).<br \/><span style=\"color: #800000;\">&gt;<\/span>\u00a0 Des personnels administratifs et des agents territoriaux impliqu\u00e9s et membres \u00e0 part enti\u00e8re de la communaut\u00e9 \u00e9ducative.<\/p><p><strong>Des modalit\u00e9s de prise en charge vari\u00e9es et diversifi\u00e9es:<br \/><\/strong><span style=\"color: #800000;\">&gt;<\/span>\u00a0 Classes \u00e0 effectifs r\u00e9duits. (classe: 16, atelier : 8)<br \/><span style=\"color: #800000;\">&gt;<\/span>\u00a0 Etudes dirig\u00e9es, accompagnement personnalis\u00e9, cogniclasse.<br \/><span style=\"color: #800000;\">&gt;<\/span>\u00a0 Un internat \u00e9ducatif attrayant qui propose des activit\u00e9s vari\u00e9es.<\/p><p><strong>Des moyens:<\/strong><br \/><span style=\"color: #800000;\">&gt;<\/span> Des locaux r\u00e9nov\u00e9s et accueillants.<br \/><span style=\"color: #800000;\">&gt;<\/span>\u00a0 Un \u00e9quipement et un acc\u00e8s aux nouvelles technologies.<br \/><span style=\"color: #800000;\">&gt;<\/span>\u00a0 Un plateau sportif de qualit\u00e9, une association sportive dynamique.<br \/><span style=\"color: #800000;\">&gt;<\/span>\u00a0 Un \u00e9ventail de six formations professionnelles de niveau C.A.P dans trois domaines diff\u00e9rents.<br \/><span style=\"color: #800000;\">&gt;<\/span>\u00a0 Pour faciliter l\u2019acc\u00e8s futur \u00e0 l\u2019emploi, les \u00e9l\u00e8ves de C.A.P. b\u00e9n\u00e9ficient d\u2019une aide financi\u00e8re du Conseil R\u00e9gional Nouvelle Aquitaine pour pr\u00e9parer l\u2019obtention du permis de conduire.<\/p><p><span style=\"color: #800080;\">&gt;\u00a0<span style=\"color: #000000;\">Participation de la r\u00e9gion pour les tenues et mat\u00e9riels professionnels<\/span><\/span><\/p><p><span style=\"font-size: 15px; font-family: var( --e-global-typography-text-font-family ), Sans-serif; color: #800000;\">&gt;<\/span><span style=\"font-size: 15px; font-family: var( --e-global-typography-text-font-family ), Sans-serif;\">\u00a0 Des v\u00e9hicules permettant d\u2019assurer des transports pour des activit\u00e9s hors de l\u2019\u00e9tablissement.<\/span><\/p><p><span style=\"color: #800000;\">&gt;<\/span>\u00a0 La proximit\u00e9 de P\u00e9rigueux et de ses infrastructures.<\/p><p>\u00a0<\/p>\t\t\t\t\t\t\t\t<\/div>\n\t\t\t\t<\/div>\n\t\t\t\t\t<\/div>\n\t\t<\/div>\n\t\t\t\t<div class=\"elementor-column elementor-col-33 elementor-top-column elementor-element elementor-element-f66e9d0\" data-id=\"f66e9d0\" data-element_type=\"column\" data-e-type=\"column\">\n\t\t\t<div class=\"elementor-widget-wrap elementor-element-populated\">\n\t\t\t\t\t\t<div class=\"elementor-element elementor-element-b43cbc8 elementor-widget elementor-widget-image\" data-id=\"b43cbc8\" data-element_type=\"widget\" data-e-type=\"widget\" data-widget_type=\"image.default\">\n\t\t\t\t<div class=\"elementor-widget-container\">\n\t\t\t\t\t\t\t\t\t\t\t\t\t\t\t<img fetchpriority=\"high\" decoding=\"async\" width=\"399\" height=\"512\" src=\"https:\/\/erea-joel-jeannot.fr\/wp-content\/uploads\/2020\/12\/EREA.jpg\" class=\"attachment-large size-large wp-image-977\" alt=\"\" srcset=\"https:\/\/erea-joel-jeannot.fr\/wp-content\/uploads\/2020\/12\/EREA.jpg 399w, https:\/\/erea-joel-jeannot.fr\/wp-content\/uploads\/2020\/12\/EREA-234x300.jpg 234w\" sizes=\"(max-width: 399px) 100vw, 399px\" \/>\t\t\t\t\t\t\t\t\t\t\t\t\t\t\t<\/div>\n\t\t\t\t<\/div>\n\t\t\t\t\t<\/div>\n\t\t<\/div>\n\t\t\t\t<div class=\"elementor-column elementor-col-33 elementor-top-column elementor-element elementor-element-522fe9b\" data-id=\"522fe9b\" data-element_type=\"column\" data-e-type=\"column\" data-settings=\"{&quot;background_background&quot;:&quot;classic&quot;}\">\n\t\t\t<div class=\"elementor-widget-wrap elementor-element-populated\">\n\t\t\t\t\t\t<div class=\"elementor-element elementor-element-58ca626 elementor-widget elementor-widget-spacer\" data-id=\"58ca626\" data-element_type=\"widget\" data-e-type=\"widget\" data-widget_type=\"spacer.default\">\n\t\t\t\t<div class=\"elementor-widget-container\">\n\t\t\t\t\t\t\t<div class=\"elementor-spacer\">\n\t\t\t<div class=\"elementor-spacer-inner\"><\/div>\n\t\t<\/div>\n\t\t\t\t\t\t<\/div>\n\t\t\t\t<\/div>\n\t\t\t\t<div class=\"elementor-element elementor-element-1bbe818 elementor-widget elementor-widget-heading\" data-id=\"1bbe818\" data-element_type=\"widget\" data-e-type=\"widget\" data-widget_type=\"heading.default\">\n\t\t\t\t<div class=\"elementor-widget-container\">\n\t\t\t\t\t<h2 class=\"elementor-heading-title elementor-size-default\">L'Internat<\/h2>\t\t\t\t<\/div>\n\t\t\t\t<\/div>\n\t\t\t\t<div class=\"elementor-element elementor-element-6d725e4 elementor-widget elementor-widget-testimonial\" data-id=\"6d725e4\" data-element_type=\"widget\" data-e-type=\"widget\" data-widget_type=\"testimonial.default\">\n\t\t\t\t<div class=\"elementor-widget-container\">\n\t\t\t\t\t\t\t<div class=\"elementor-testimonial-wrapper\">\n\t\t\t\t\t\t\t<div class=\"elementor-testimonial-content\">\u00abMoi, R\u00e9mi, j\u2019aime le dortoir car on peut dormir, jouer avec les copains aux jeux de soci\u00e9t\u00e9 Ex: les petits chevaux, les \u00e9checs.<br><br>On peut amener des jeux, on peut regarder la t\u00e9l\u00e9, faire nos devoirs.<br><br>J\u2019aime bien parler avec les \u00e9ducateurs et aider mes copains pour leurs devoirs.\u00bb<\/div>\n\t\t\t\n\t\t\t\t\t\t<div class=\"elementor-testimonial-meta elementor-has-image elementor-testimonial-image-position-aside\">\n\t\t\t\t<div class=\"elementor-testimonial-meta-inner\">\n\t\t\t\t\t\t\t\t\t\t\t<div class=\"elementor-testimonial-image\">\n\t\t\t\t\t\t\t<img decoding=\"async\" width=\"1768\" height=\"1920\" src=\"https:\/\/erea-joel-jeannot.fr\/wp-content\/uploads\/2020\/12\/boy-2766699.png\" class=\"attachment-full size-full wp-image-986\" alt=\"\" srcset=\"https:\/\/erea-joel-jeannot.fr\/wp-content\/uploads\/2020\/12\/boy-2766699.png 1768w, https:\/\/erea-joel-jeannot.fr\/wp-content\/uploads\/2020\/12\/boy-2766699-276x300.png 276w, https:\/\/erea-joel-jeannot.fr\/wp-content\/uploads\/2020\/12\/boy-2766699-943x1024.png 943w, https:\/\/erea-joel-jeannot.fr\/wp-content\/uploads\/2020\/12\/boy-2766699-768x834.png 768w, https:\/\/erea-joel-jeannot.fr\/wp-content\/uploads\/2020\/12\/boy-2766699-1414x1536.png 1414w\" sizes=\"(max-width: 1768px) 100vw, 1768px\" \/>\t\t\t\t\t\t<\/div>\n\t\t\t\t\t\n\t\t\t\t\t\t\t\t\t\t<div class=\"elementor-testimonial-details\">\n\t\t\t\t\t\t\t\t\t\t\t\t\t\t<div class=\"elementor-testimonial-name\">R\u00e9mi<\/div>\n\t\t\t\t\t\t\t\t\t\t\t\t\t\t\t\t\t\t\t\t\t\t<div class=\"elementor-testimonial-job\">6e SEGPA<\/div>\n\t\t\t\t\t\t\t\t\t\t\t\t\t<\/div>\n\t\t\t\t\t\t\t\t\t<\/div>\n\t\t\t<\/div>\n\t\t\t\t\t<\/div>\n\t\t\t\t\t\t<\/div>\n\t\t\t\t<\/div>\n\t\t\t\t\t<\/div>\n\t\t<\/div>\n\t\t\t\t\t<\/div>\n\t\t<\/section>\n\t\t\t\t<\/div>\n\t\t","protected":false},"excerpt":{"rendered":"<p>L&rsquo;EREA L\u2019EREA de Tr\u00e9lissac accueille des \u00e9l\u00e8ves \u00e0 partir de la 4\u00e8me\u00a0 S.E.G.P.A. jusqu&rsquo;\u00e0 la fin de la formation dipl\u00f4mante de niveau V valid\u00e9e par un CAP ou un CAPa (CAP agricole). Depuis la rentr\u00e9e 2007, il accueille \u00e9galement une ULIS Pro (Unit\u00e9 Localis\u00e9e pour l\u2019Inclusion Scolaire en lyc\u00e9e professionnel) qui accueille des adolescents en [&hellip;]<\/p>\n","protected":false},"author":3,"featured_media":0,"parent":0,"menu_order":0,"comment_status":"closed","ping_status":"closed","template":"elementor_header_footer","meta":{"site-sidebar-layout":"no-sidebar","site-content-layout":"page-builder","ast-site-content-layout":"default","site-content-style":"default","site-sidebar-style":"default","ast-global-header-display":"","ast-banner-title-visibility":"","ast-main-header-display":"","ast-hfb-above-header-display":"","ast-hfb-below-header-display":"","ast-hfb-mobile-header-display":"","site-post-title":"disabled","ast-breadcrumbs-content":"","ast-featured-img":"disabled","footer-sml-layout":"","ast-disable-related-posts":"","theme-transparent-header-meta":"default","adv-header-id-meta":"","stick-header-meta":"","header-above-stick-meta":"","header-main-stick-meta":"","header-below-stick-meta":"","astra-migrate-meta-layouts":"default","ast-page-background-enabled":"default","ast-page-background-meta":{"desktop":{"background-color":"","background-image":"","background-repeat":"repeat","background-position":"center center","background-size":"auto","background-attachment":"scroll","background-type":"","background-media":"","overlay-type":"","overlay-color":"","overlay-opacity":"","overlay-gradient":""},"tablet":{"background-color":"","background-image":"","background-repeat":"repeat","background-position":"center center","background-size":"auto","background-attachment":"scroll","background-type":"","background-media":"","overlay-type":"","overlay-color":"","overlay-opacity":"","overlay-gradient":""},"mobile":{"background-color":"","background-image":"","background-repeat":"repeat","background-position":"center center","background-size":"auto","background-attachment":"scroll","background-type":"","background-media":"","overlay-type":"","overlay-color":"","overlay-opacity":"","overlay-gradient":""}},"ast-content-background-meta":{"desktop":{"background-color":"var(--ast-global-color-5)","background-image":"","background-repeat":"repeat","background-position":"center center","background-size":"auto","background-attachment":"scroll","background-type":"","background-media":"","overlay-type":"","overlay-color":"","overlay-opacity":"","overlay-gradient":""},"tablet":{"background-color":"var(--ast-global-color-5)","background-image":"","background-repeat":"repeat","background-position":"center center","background-size":"auto","background-attachment":"scroll","background-type":"","background-media":"","overlay-type":"","overlay-color":"","overlay-opacity":"","overlay-gradient":""},"mobile":{"background-color":"var(--ast-global-color-5)","background-image":"","background-repeat":"repeat","background-position":"center center","background-size":"auto","background-attachment":"scroll","background-type":"","background-media":"","overlay-type":"","overlay-color":"","overlay-opacity":"","overlay-gradient":""}},"footnotes":""},"class_list":["post-19","page","type-page","status-publish","hentry"],"_links":{"self":[{"href":"https:\/\/erea-joel-jeannot.fr\/index.php?rest_route=\/wp\/v2\/pages\/19","targetHints":{"allow":["GET"]}}],"collection":[{"href":"https:\/\/erea-joel-jeannot.fr\/index.php?rest_route=\/wp\/v2\/pages"}],"about":[{"href":"https:\/\/erea-joel-jeannot.fr\/index.php?rest_route=\/wp\/v2\/types\/page"}],"author":[{"embeddable":true,"href":"https:\/\/erea-joel-jeannot.fr\/index.php?rest_route=\/wp\/v2\/users\/3"}],"replies":[{"embeddable":true,"href":"https:\/\/erea-joel-jeannot.fr\/index.php?rest_route=%2Fwp%2Fv2%2Fcomments&post=19"}],"version-history":[{"count":28,"href":"https:\/\/erea-joel-jeannot.fr\/index.php?rest_route=\/wp\/v2\/pages\/19\/revisions"}],"predecessor-version":[{"id":5579,"href":"https:\/\/erea-joel-jeannot.fr\/index.php?rest_route=\/wp\/v2\/pages\/19\/revisions\/5579"}],"wp:attachment":[{"href":"https:\/\/erea-joel-jeannot.fr\/index.php?rest_route=%2Fwp%2Fv2%2Fmedia&parent=19"}],"curies":[{"name":"wp","href":"https:\/\/api.w.org\/{rel}","templated":true}]}}