{"id":2574,"date":"2021-01-27T06:25:25","date_gmt":"2021-01-27T06:25:25","guid":{"rendered":"https:\/\/erea-joel-jeannot.fr\/?page_id=2574"},"modified":"2021-01-28T18:29:57","modified_gmt":"2021-01-28T18:29:57","slug":"association-sportive","status":"publish","type":"page","link":"https:\/\/erea-joel-jeannot.fr\/?page_id=2574","title":{"rendered":"Association sportive"},"content":{"rendered":"\t\t<div data-elementor-type=\"wp-page\" data-elementor-id=\"2574\" class=\"elementor elementor-2574\" data-elementor-post-type=\"page\">\n\t\t\t\t\t\t<section class=\"elementor-section elementor-top-section elementor-element elementor-element-861dc3e elementor-section-boxed elementor-section-height-default elementor-section-height-default\" data-id=\"861dc3e\" data-element_type=\"section\" data-e-type=\"section\">\n\t\t\t\t\t\t<div class=\"elementor-container elementor-column-gap-default\">\n\t\t\t\t\t<div class=\"elementor-column elementor-col-100 elementor-top-column elementor-element elementor-element-330610a\" data-id=\"330610a\" data-element_type=\"column\" data-e-type=\"column\">\n\t\t\t<div class=\"elementor-widget-wrap elementor-element-populated\">\n\t\t\t\t\t\t<div class=\"elementor-element elementor-element-0aa65ed elementor-widget elementor-widget-spacer\" data-id=\"0aa65ed\" data-element_type=\"widget\" data-e-type=\"widget\" data-widget_type=\"spacer.default\">\n\t\t\t\t<div class=\"elementor-widget-container\">\n\t\t\t\t\t\t\t<div class=\"elementor-spacer\">\n\t\t\t<div class=\"elementor-spacer-inner\"><\/div>\n\t\t<\/div>\n\t\t\t\t\t\t<\/div>\n\t\t\t\t<\/div>\n\t\t\t\t<div class=\"elementor-element elementor-element-c791446 elementor-widget elementor-widget-heading\" data-id=\"c791446\" data-element_type=\"widget\" data-e-type=\"widget\" data-widget_type=\"heading.default\">\n\t\t\t\t<div class=\"elementor-widget-container\">\n\t\t\t\t\t<p class=\"elementor-heading-title elementor-size-default\">Asso Sportive EREA Jo\u00ebl Jeannot<\/p>\t\t\t\t<\/div>\n\t\t\t\t<\/div>\n\t\t\t\t\t<\/div>\n\t\t<\/div>\n\t\t\t\t\t<\/div>\n\t\t<\/section>\n\t\t\t\t<section class=\"elementor-section elementor-top-section elementor-element elementor-element-60ca89e elementor-section-boxed elementor-section-height-default elementor-section-height-default\" data-id=\"60ca89e\" data-element_type=\"section\" data-e-type=\"section\">\n\t\t\t\t\t\t<div class=\"elementor-container elementor-column-gap-default\">\n\t\t\t\t\t<div class=\"elementor-column elementor-col-50 elementor-top-column elementor-element elementor-element-17425c0\" data-id=\"17425c0\" data-element_type=\"column\" data-e-type=\"column\">\n\t\t\t<div class=\"elementor-widget-wrap elementor-element-populated\">\n\t\t\t\t\t\t<div class=\"elementor-element elementor-element-07efcfc e-grid-align-right elementor-grid-1 elementor-shape-rounded elementor-widget elementor-widget-social-icons\" data-id=\"07efcfc\" data-element_type=\"widget\" data-e-type=\"widget\" data-widget_type=\"social-icons.default\">\n\t\t\t\t<div class=\"elementor-widget-container\">\n\t\t\t\t\t\t\t<div class=\"elementor-social-icons-wrapper elementor-grid\">\n\t\t\t\t\t\t\t<span class=\"elementor-grid-item\">\n\t\t\t\t\t<a class=\"elementor-icon elementor-social-icon elementor-social-icon-facebook elementor-repeater-item-ef13894\" href=\"https:\/\/www.facebook.com\/As-EREA-Joel-Jeannot-Tr%C3%A9lissac-1667601296891650\/?fref=ts\" target=\"_blank\">\n\t\t\t\t\t\t<span class=\"elementor-screen-only\">Facebook<\/span>\n\t\t\t\t\t\t<i aria-hidden=\"true\" class=\"fab fa-facebook\"><\/i>\t\t\t\t\t<\/a>\n\t\t\t\t<\/span>\n\t\t\t\t\t<\/div>\n\t\t\t\t\t\t<\/div>\n\t\t\t\t<\/div>\n\t\t\t\t\t<\/div>\n\t\t<\/div>\n\t\t\t\t<div class=\"elementor-column elementor-col-50 elementor-top-column elementor-element elementor-element-63428ad\" data-id=\"63428ad\" data-element_type=\"column\" data-e-type=\"column\">\n\t\t\t<div class=\"elementor-widget-wrap elementor-element-populated\">\n\t\t\t\t\t\t<div class=\"elementor-element elementor-element-9fe21fd elementor-widget elementor-widget-text-editor\" data-id=\"9fe21fd\" data-element_type=\"widget\" data-e-type=\"widget\" data-widget_type=\"text-editor.default\">\n\t\t\t\t<div class=\"elementor-widget-container\">\n\t\t\t\t\t\t\t\t\t<p><span style=\"color: #666699;\">Suivez-nous sur le FB de l&rsquo;Association Sportive de l&rsquo;EREA de Tr\u00e9lissac<br \/><\/span><\/p>\t\t\t\t\t\t\t\t<\/div>\n\t\t\t\t<\/div>\n\t\t\t\t\t<\/div>\n\t\t<\/div>\n\t\t\t\t\t<\/div>\n\t\t<\/section>\n\t\t\t\t<section class=\"elementor-section elementor-top-section elementor-element elementor-element-6abcfd6 elementor-section-boxed elementor-section-height-default elementor-section-height-default\" data-id=\"6abcfd6\" data-element_type=\"section\" data-e-type=\"section\">\n\t\t\t\t\t\t<div class=\"elementor-container elementor-column-gap-default\">\n\t\t\t\t\t<div class=\"elementor-column elementor-col-100 elementor-top-column elementor-element elementor-element-9a984a8\" data-id=\"9a984a8\" data-element_type=\"column\" data-e-type=\"column\">\n\t\t\t<div class=\"elementor-widget-wrap elementor-element-populated\">\n\t\t\t\t\t\t<div class=\"elementor-element elementor-element-382051e elementor-widget elementor-widget-spacer\" data-id=\"382051e\" data-element_type=\"widget\" data-e-type=\"widget\" data-widget_type=\"spacer.default\">\n\t\t\t\t<div class=\"elementor-widget-container\">\n\t\t\t\t\t\t\t<div class=\"elementor-spacer\">\n\t\t\t<div class=\"elementor-spacer-inner\"><\/div>\n\t\t<\/div>\n\t\t\t\t\t\t<\/div>\n\t\t\t\t<\/div>\n\t\t\t\t\t<\/div>\n\t\t<\/div>\n\t\t\t\t\t<\/div>\n\t\t<\/section>\n\t\t\t\t<section class=\"elementor-section elementor-top-section elementor-element elementor-element-7543562 elementor-section-boxed elementor-section-height-default elementor-section-height-default\" data-id=\"7543562\" data-element_type=\"section\" data-e-type=\"section\">\n\t\t\t\t\t\t<div class=\"elementor-container elementor-column-gap-default\">\n\t\t\t\t\t<div class=\"elementor-column elementor-col-50 elementor-top-column elementor-element elementor-element-a0adbd9\" data-id=\"a0adbd9\" data-element_type=\"column\" data-e-type=\"column\">\n\t\t\t<div class=\"elementor-widget-wrap elementor-element-populated\">\n\t\t\t\t\t\t<div class=\"elementor-element elementor-element-4d47e44 elementor-widget elementor-widget-text-editor\" data-id=\"4d47e44\" data-element_type=\"widget\" data-e-type=\"widget\" data-widget_type=\"text-editor.default\">\n\t\t\t\t<div class=\"elementor-widget-container\">\n\t\t\t\t\t\t\t\t\t<p><span style=\"color: #800000;\"><u>ASSOCIATION SPORTIVE<br \/><\/u><\/span><strong>Tir \u00e0 l&rsquo;arc et p\u00e9tanque!!! Venez d\u00e9couvrir de nouvelles activit\u00e9s et renforcer votre concentration!<br \/><\/strong>L&rsquo;association sportive de l&rsquo;EREA est ouverte \u00e0 <strong>tous les \u00e9l\u00e8ves<\/strong> demi pensionnaires et internes.<br \/>Et\u00e9 comme hiver, les entrainements ont lieu le mercredi de 13h \u00e0 16h de septembre \u00e0 mai.<br \/>Activit\u00e9 phare de l&rsquo;AS, le <strong>tir \u00e0 l&rsquo;arc<\/strong> permet de mieux se conna\u00eetre, de construire sa personnalit\u00e9 et de gagner en confiance. Il requiert une bonne ma\u00eetrise de soi pour g\u00e9rer ses \u00e9motions. C&rsquo;est un sport complet procurant de nombreux bienfaits physiques.<br \/>SI vous \u00eates tent\u00e9s, venez essayer le temps d&rsquo;une s\u00e9ance dans une ambiance sportive mais d\u00e9contract\u00e9e et poursuivre si cela vous plait!<br \/>Qualifi\u00e9e depuis plusieurs ann\u00e9es au championnat de France, l&rsquo;association sportive est aussi l&rsquo;occasion de se perfectionner et de performer dans cette activit\u00e9 qui demande des qualit\u00e9s physiques et mentales que vous d\u00e9couvrirez au fur et \u00e0 mesure de vos progr\u00e8s&#8230;.<br \/>La deuxi\u00e8me activit\u00e9 vous permettra de d\u00e9couvrir un sport ludique, que vous pourrez exploiter chez vous toutes g\u00e9n\u00e9rations confondues, dans un contexte souvent tr\u00e8s convivial<strong>: la p\u00e9tanque. <br \/><\/strong>Si la d\u00e9pense \u00e9nerg\u00e9tique est mineure, l\u2019impact sur les articulations est certain, en favorisant les mobilisations et l\u2019entretien articulaire, le maintien d\u2019un bon tonus musculaire et l\u2019entra\u00eenement de l\u2019<a href=\"https:\/\/www.irbms.com\/bougez-lequilibre\/\">\u00e9quilibre<\/a>.<br \/>Socialisante et strat\u00e9gique, la p\u00e9tanque demande une concentration centr\u00e9e et un \u00e9change avec ses partenaires en plus de la technique pour envisager la victoire!<\/p><p>Depuis plusieurs ann\u00e9es, l\u00a0\u00bbEREA a \u00e9t\u00e9 qualifi\u00e9 pour des championnats r\u00e9gionaux ou nationaux dans le cadre de l&rsquo;UNSS!<\/p><p>Venez d\u00e9couvrir ces activit\u00e9s particuli\u00e8res dans le cadre de l&rsquo;association sportive avec vos professeurs d&rsquo;EPS, sp\u00e9cialiste de l&rsquo;\u00e9ducation physique et sportive!<br \/>Pour vous inscrire il faut remplir la fiche d&rsquo;adh\u00e9sion et donner une cotisation de 5 euros.<\/p><p>Venez nombreux! Les \u00e9l\u00e8ves d\u00e9j\u00e0 pr\u00e9sents et les professeurs d&rsquo;EPS vous attendent pour de nouveau d\u00e9fis!<\/p>\t\t\t\t\t\t\t\t<\/div>\n\t\t\t\t<\/div>\n\t\t\t\t\t<\/div>\n\t\t<\/div>\n\t\t\t\t<div class=\"elementor-column elementor-col-50 elementor-top-column elementor-element elementor-element-ae42d33\" data-id=\"ae42d33\" data-element_type=\"column\" data-e-type=\"column\">\n\t\t\t<div class=\"elementor-widget-wrap elementor-element-populated\">\n\t\t\t\t\t\t<div class=\"elementor-element elementor-element-289c1af elementor-widget elementor-widget-gallery\" data-id=\"289c1af\" data-element_type=\"widget\" data-e-type=\"widget\" data-settings=\"{&quot;columns&quot;:2,&quot;lazyload&quot;:&quot;yes&quot;,&quot;gallery_layout&quot;:&quot;grid&quot;,&quot;columns_tablet&quot;:2,&quot;columns_mobile&quot;:1,&quot;gap&quot;:{&quot;unit&quot;:&quot;px&quot;,&quot;size&quot;:10,&quot;sizes&quot;:[]},&quot;gap_tablet&quot;:{&quot;unit&quot;:&quot;px&quot;,&quot;size&quot;:10,&quot;sizes&quot;:[]},&quot;gap_mobile&quot;:{&quot;unit&quot;:&quot;px&quot;,&quot;size&quot;:10,&quot;sizes&quot;:[]},&quot;link_to&quot;:&quot;file&quot;,&quot;aspect_ratio&quot;:&quot;3:2&quot;,&quot;overlay_background&quot;:&quot;yes&quot;,&quot;content_hover_animation&quot;:&quot;fade-in&quot;}\" data-widget_type=\"gallery.default\">\n\t\t\t\t<div class=\"elementor-widget-container\">\n\t\t\t\t\t\t\t<div class=\"elementor-gallery__container\">\n\t\t\t\t\t\t\t<a class=\"e-gallery-item elementor-gallery-item elementor-animated-content\" href=\"https:\/\/erea-joel-jeannot.fr\/wp-content\/uploads\/2021\/01\/CA.jpg\" data-elementor-open-lightbox=\"yes\" data-elementor-lightbox-slideshow=\"289c1af\" data-elementor-lightbox-title=\"CA\" data-e-action-hash=\"#elementor-action%3Aaction%3Dlightbox%26settings%3DeyJpZCI6MjcxNSwidXJsIjoiaHR0cHM6XC9cL2VyZWEtam9lbC1qZWFubm90LmZyXC93cC1jb250ZW50XC91cGxvYWRzXC8yMDIxXC8wMVwvQ0EuanBnIiwic2xpZGVzaG93IjoiMjg5YzFhZiJ9\">\n\t\t\t\t\t<div class=\"e-gallery-image elementor-gallery-item__image\" data-thumbnail=\"https:\/\/erea-joel-jeannot.fr\/wp-content\/uploads\/2021\/01\/CA-300x169.jpg\" data-width=\"300\" data-height=\"169\" aria-label=\"\" role=\"img\" ><\/div>\n\t\t\t\t\t\t\t\t\t\t\t<div class=\"elementor-gallery-item__overlay\"><\/div>\n\t\t\t\t\t\t\t\t\t\t\t\t\t\t<\/a>\n\t\t\t\t\t\t\t<a class=\"e-gallery-item elementor-gallery-item elementor-animated-content\" href=\"https:\/\/erea-joel-jeannot.fr\/wp-content\/uploads\/2021\/01\/pe\u0301tanque1.jpg\" data-elementor-open-lightbox=\"yes\" data-elementor-lightbox-slideshow=\"289c1af\" data-elementor-lightbox-title=\"pe\u0301tanque1\" data-e-action-hash=\"#elementor-action%3Aaction%3Dlightbox%26settings%3DeyJpZCI6MjcxNywidXJsIjoiaHR0cHM6XC9cL2VyZWEtam9lbC1qZWFubm90LmZyXC93cC1jb250ZW50XC91cGxvYWRzXC8yMDIxXC8wMVwvcGVcdTAzMDF0YW5xdWUxLmpwZyIsInNsaWRlc2hvdyI6IjI4OWMxYWYifQ%3D%3D\">\n\t\t\t\t\t<div class=\"e-gallery-image elementor-gallery-item__image\" data-thumbnail=\"https:\/\/erea-joel-jeannot.fr\/wp-content\/uploads\/2021\/01\/pe\u0301tanque1-300x169.jpg\" data-width=\"300\" data-height=\"169\" aria-label=\"\" role=\"img\" ><\/div>\n\t\t\t\t\t\t\t\t\t\t\t<div class=\"elementor-gallery-item__overlay\"><\/div>\n\t\t\t\t\t\t\t\t\t\t\t\t\t\t<\/a>\n\t\t\t\t\t\t\t<a class=\"e-gallery-item elementor-gallery-item elementor-animated-content\" href=\"https:\/\/erea-joel-jeannot.fr\/wp-content\/uploads\/2021\/01\/pe\u0301tanque2.jpg\" data-elementor-open-lightbox=\"yes\" data-elementor-lightbox-slideshow=\"289c1af\" data-elementor-lightbox-title=\"pe\u0301tanque2\" data-e-action-hash=\"#elementor-action%3Aaction%3Dlightbox%26settings%3DeyJpZCI6MjcxOCwidXJsIjoiaHR0cHM6XC9cL2VyZWEtam9lbC1qZWFubm90LmZyXC93cC1jb250ZW50XC91cGxvYWRzXC8yMDIxXC8wMVwvcGVcdTAzMDF0YW5xdWUyLmpwZyIsInNsaWRlc2hvdyI6IjI4OWMxYWYifQ%3D%3D\">\n\t\t\t\t\t<div class=\"e-gallery-image elementor-gallery-item__image\" data-thumbnail=\"https:\/\/erea-joel-jeannot.fr\/wp-content\/uploads\/2021\/01\/pe\u0301tanque2-300x169.jpg\" data-width=\"300\" data-height=\"169\" aria-label=\"\" role=\"img\" ><\/div>\n\t\t\t\t\t\t\t\t\t\t\t<div class=\"elementor-gallery-item__overlay\"><\/div>\n\t\t\t\t\t\t\t\t\t\t\t\t\t\t<\/a>\n\t\t\t\t\t\t\t<a class=\"e-gallery-item elementor-gallery-item elementor-animated-content\" href=\"https:\/\/erea-joel-jeannot.fr\/wp-content\/uploads\/2021\/01\/TAA2.jpg\" data-elementor-open-lightbox=\"yes\" data-elementor-lightbox-slideshow=\"289c1af\" data-elementor-lightbox-title=\"TAA2\" data-e-action-hash=\"#elementor-action%3Aaction%3Dlightbox%26settings%3DeyJpZCI6MjcxOSwidXJsIjoiaHR0cHM6XC9cL2VyZWEtam9lbC1qZWFubm90LmZyXC93cC1jb250ZW50XC91cGxvYWRzXC8yMDIxXC8wMVwvVEFBMi5qcGciLCJzbGlkZXNob3ciOiIyODljMWFmIn0%3D\">\n\t\t\t\t\t<div class=\"e-gallery-image elementor-gallery-item__image\" data-thumbnail=\"https:\/\/erea-joel-jeannot.fr\/wp-content\/uploads\/2021\/01\/TAA2-300x169.jpg\" data-width=\"300\" data-height=\"169\" aria-label=\"\" role=\"img\" ><\/div>\n\t\t\t\t\t\t\t\t\t\t\t<div class=\"elementor-gallery-item__overlay\"><\/div>\n\t\t\t\t\t\t\t\t\t\t\t\t\t\t<\/a>\n\t\t\t\t\t\t\t<a class=\"e-gallery-item elementor-gallery-item elementor-animated-content\" href=\"https:\/\/erea-joel-jeannot.fr\/wp-content\/uploads\/2021\/01\/TAA3.jpg\" data-elementor-open-lightbox=\"yes\" data-elementor-lightbox-slideshow=\"289c1af\" data-elementor-lightbox-title=\"TAA3\" data-e-action-hash=\"#elementor-action%3Aaction%3Dlightbox%26settings%3DeyJpZCI6MjcyMCwidXJsIjoiaHR0cHM6XC9cL2VyZWEtam9lbC1qZWFubm90LmZyXC93cC1jb250ZW50XC91cGxvYWRzXC8yMDIxXC8wMVwvVEFBMy5qcGciLCJzbGlkZXNob3ciOiIyODljMWFmIn0%3D\">\n\t\t\t\t\t<div class=\"e-gallery-image elementor-gallery-item__image\" data-thumbnail=\"https:\/\/erea-joel-jeannot.fr\/wp-content\/uploads\/2021\/01\/TAA3-300x225.jpg\" data-width=\"300\" data-height=\"225\" aria-label=\"\" role=\"img\" ><\/div>\n\t\t\t\t\t\t\t\t\t\t\t<div class=\"elementor-gallery-item__overlay\"><\/div>\n\t\t\t\t\t\t\t\t\t\t\t\t\t\t<\/a>\n\t\t\t\t\t\t\t<a class=\"e-gallery-item elementor-gallery-item elementor-animated-content\" href=\"https:\/\/erea-joel-jeannot.fr\/wp-content\/uploads\/2021\/01\/TAA4.jpg\" data-elementor-open-lightbox=\"yes\" data-elementor-lightbox-slideshow=\"289c1af\" data-elementor-lightbox-title=\"TAA4\" data-e-action-hash=\"#elementor-action%3Aaction%3Dlightbox%26settings%3DeyJpZCI6MjcyMSwidXJsIjoiaHR0cHM6XC9cL2VyZWEtam9lbC1qZWFubm90LmZyXC93cC1jb250ZW50XC91cGxvYWRzXC8yMDIxXC8wMVwvVEFBNC5qcGciLCJzbGlkZXNob3ciOiIyODljMWFmIn0%3D\">\n\t\t\t\t\t<div class=\"e-gallery-image elementor-gallery-item__image\" data-thumbnail=\"https:\/\/erea-joel-jeannot.fr\/wp-content\/uploads\/2021\/01\/TAA4-225x300.jpg\" data-width=\"225\" data-height=\"300\" aria-label=\"\" role=\"img\" ><\/div>\n\t\t\t\t\t\t\t\t\t\t\t<div class=\"elementor-gallery-item__overlay\"><\/div>\n\t\t\t\t\t\t\t\t\t\t\t\t\t\t<\/a>\n\t\t\t\t\t\t\t<a class=\"e-gallery-item elementor-gallery-item elementor-animated-content\" href=\"https:\/\/erea-joel-jeannot.fr\/wp-content\/uploads\/2021\/01\/TAA5.jpg\" data-elementor-open-lightbox=\"yes\" data-elementor-lightbox-slideshow=\"289c1af\" data-elementor-lightbox-title=\"TAA5\" data-e-action-hash=\"#elementor-action%3Aaction%3Dlightbox%26settings%3DeyJpZCI6MjcyMiwidXJsIjoiaHR0cHM6XC9cL2VyZWEtam9lbC1qZWFubm90LmZyXC93cC1jb250ZW50XC91cGxvYWRzXC8yMDIxXC8wMVwvVEFBNS5qcGciLCJzbGlkZXNob3ciOiIyODljMWFmIn0%3D\">\n\t\t\t\t\t<div class=\"e-gallery-image elementor-gallery-item__image\" data-thumbnail=\"https:\/\/erea-joel-jeannot.fr\/wp-content\/uploads\/2021\/01\/TAA5-225x300.jpg\" data-width=\"225\" data-height=\"300\" aria-label=\"\" role=\"img\" ><\/div>\n\t\t\t\t\t\t\t\t\t\t\t<div class=\"elementor-gallery-item__overlay\"><\/div>\n\t\t\t\t\t\t\t\t\t\t\t\t\t\t<\/a>\n\t\t\t\t\t\t\t<a class=\"e-gallery-item elementor-gallery-item elementor-animated-content\" href=\"https:\/\/erea-joel-jeannot.fr\/wp-content\/uploads\/2021\/01\/tir-a\u0300-larc-hiver.jpg\" data-elementor-open-lightbox=\"yes\" data-elementor-lightbox-slideshow=\"289c1af\" data-elementor-lightbox-title=\"tir a\u0300 l&#039;arc hiver\" data-e-action-hash=\"#elementor-action%3Aaction%3Dlightbox%26settings%3DeyJpZCI6MjcyMywidXJsIjoiaHR0cHM6XC9cL2VyZWEtam9lbC1qZWFubm90LmZyXC93cC1jb250ZW50XC91cGxvYWRzXC8yMDIxXC8wMVwvdGlyLWFcdTAzMDAtbGFyYy1oaXZlci5qcGciLCJzbGlkZXNob3ciOiIyODljMWFmIn0%3D\">\n\t\t\t\t\t<div class=\"e-gallery-image elementor-gallery-item__image\" data-thumbnail=\"https:\/\/erea-joel-jeannot.fr\/wp-content\/uploads\/2021\/01\/tir-a\u0300-larc-hiver-300x225.jpg\" data-width=\"300\" data-height=\"225\" aria-label=\"\" role=\"img\" ><\/div>\n\t\t\t\t\t\t\t\t\t\t\t<div class=\"elementor-gallery-item__overlay\"><\/div>\n\t\t\t\t\t\t\t\t\t\t\t\t\t\t<\/a>\n\t\t\t\t\t\t\t<a class=\"e-gallery-item elementor-gallery-item elementor-animated-content\" href=\"https:\/\/erea-joel-jeannot.fr\/wp-content\/uploads\/2021\/01\/CF1.jpg\" data-elementor-open-lightbox=\"yes\" data-elementor-lightbox-slideshow=\"289c1af\" data-elementor-lightbox-title=\"CF1\" data-e-action-hash=\"#elementor-action%3Aaction%3Dlightbox%26settings%3DeyJpZCI6MjcxNiwidXJsIjoiaHR0cHM6XC9cL2VyZWEtam9lbC1qZWFubm90LmZyXC93cC1jb250ZW50XC91cGxvYWRzXC8yMDIxXC8wMVwvQ0YxLmpwZyIsInNsaWRlc2hvdyI6IjI4OWMxYWYifQ%3D%3D\">\n\t\t\t\t\t<div class=\"e-gallery-image elementor-gallery-item__image\" data-thumbnail=\"https:\/\/erea-joel-jeannot.fr\/wp-content\/uploads\/2021\/01\/CF1-169x300.jpg\" data-width=\"169\" data-height=\"300\" aria-label=\"\" role=\"img\" ><\/div>\n\t\t\t\t\t\t\t\t\t\t\t<div class=\"elementor-gallery-item__overlay\"><\/div>\n\t\t\t\t\t\t\t\t\t\t\t\t\t\t<\/a>\n\t\t\t\t\t<\/div>\n\t\t\t\t\t<\/div>\n\t\t\t\t<\/div>\n\t\t\t\t\t<\/div>\n\t\t<\/div>\n\t\t\t\t\t<\/div>\n\t\t<\/section>\n\t\t\t\t<\/div>\n\t\t","protected":false},"excerpt":{"rendered":"<p>Asso Sportive EREA Jo\u00ebl Jeannot Facebook Suivez-nous sur le FB de l&rsquo;Association Sportive de l&rsquo;EREA de Tr\u00e9lissac ASSOCIATION SPORTIVETir \u00e0 l&rsquo;arc et p\u00e9tanque!!! Venez d\u00e9couvrir de nouvelles activit\u00e9s et renforcer votre concentration!L&rsquo;association sportive de l&rsquo;EREA est ouverte \u00e0 tous les \u00e9l\u00e8ves demi pensionnaires et internes.Et\u00e9 comme hiver, les entrainements ont lieu le mercredi de 13h [&hellip;]<\/p>\n","protected":false},"author":3,"featured_media":0,"parent":0,"menu_order":0,"comment_status":"closed","ping_status":"closed","template":"","meta":{"site-sidebar-layout":"no-sidebar","site-content-layout":"page-builder","ast-site-content-layout":"default","site-content-style":"default","site-sidebar-style":"default","ast-global-header-display":"","ast-banner-title-visibility":"","ast-main-header-display":"","ast-hfb-above-header-display":"","ast-hfb-below-header-display":"","ast-hfb-mobile-header-display":"","site-post-title":"disabled","ast-breadcrumbs-content":"","ast-featured-img":"disabled","footer-sml-layout":"","ast-disable-related-posts":"","theme-transparent-header-meta":"default","adv-header-id-meta":"","stick-header-meta":"","header-above-stick-meta":"","header-main-stick-meta":"","header-below-stick-meta":"","astra-migrate-meta-layouts":"default","ast-page-background-enabled":"default","ast-page-background-meta":{"desktop":{"background-color":"","background-image":"","background-repeat":"repeat","background-position":"center center","background-size":"auto","background-attachment":"scroll","background-type":"","background-media":"","overlay-type":"","overlay-color":"","overlay-opacity":"","overlay-gradient":""},"tablet":{"background-color":"","background-image":"","background-repeat":"repeat","background-position":"center center","background-size":"auto","background-attachment":"scroll","background-type":"","background-media":"","overlay-type":"","overlay-color":"","overlay-opacity":"","overlay-gradient":""},"mobile":{"background-color":"","background-image":"","background-repeat":"repeat","background-position":"center center","background-size":"auto","background-attachment":"scroll","background-type":"","background-media":"","overlay-type":"","overlay-color":"","overlay-opacity":"","overlay-gradient":""}},"ast-content-background-meta":{"desktop":{"background-color":"var(--ast-global-color-5)","background-image":"","background-repeat":"repeat","background-position":"center center","background-size":"auto","background-attachment":"scroll","background-type":"","background-media":"","overlay-type":"","overlay-color":"","overlay-opacity":"","overlay-gradient":""},"tablet":{"background-color":"var(--ast-global-color-5)","background-image":"","background-repeat":"repeat","background-position":"center center","background-size":"auto","background-attachment":"scroll","background-type":"","background-media":"","overlay-type":"","overlay-color":"","overlay-opacity":"","overlay-gradient":""},"mobile":{"background-color":"var(--ast-global-color-5)","background-image":"","background-repeat":"repeat","background-position":"center center","background-size":"auto","background-attachment":"scroll","background-type":"","background-media":"","overlay-type":"","overlay-color":"","overlay-opacity":"","overlay-gradient":""}},"footnotes":""},"class_list":["post-2574","page","type-page","status-publish","hentry"],"_links":{"self":[{"href":"https:\/\/erea-joel-jeannot.fr\/index.php?rest_route=\/wp\/v2\/pages\/2574","targetHints":{"allow":["GET"]}}],"collection":[{"href":"https:\/\/erea-joel-jeannot.fr\/index.php?rest_route=\/wp\/v2\/pages"}],"about":[{"href":"https:\/\/erea-joel-jeannot.fr\/index.php?rest_route=\/wp\/v2\/types\/page"}],"author":[{"embeddable":true,"href":"https:\/\/erea-joel-jeannot.fr\/index.php?rest_route=\/wp\/v2\/users\/3"}],"replies":[{"embeddable":true,"href":"https:\/\/erea-joel-jeannot.fr\/index.php?rest_route=%2Fwp%2Fv2%2Fcomments&post=2574"}],"version-history":[{"count":43,"href":"https:\/\/erea-joel-jeannot.fr\/index.php?rest_route=\/wp\/v2\/pages\/2574\/revisions"}],"predecessor-version":[{"id":2757,"href":"https:\/\/erea-joel-jeannot.fr\/index.php?rest_route=\/wp\/v2\/pages\/2574\/revisions\/2757"}],"wp:attachment":[{"href":"https:\/\/erea-joel-jeannot.fr\/index.php?rest_route=%2Fwp%2Fv2%2Fmedia&parent=2574"}],"curies":[{"name":"wp","href":"https:\/\/api.w.org\/{rel}","templated":true}]}}