{"id":451,"date":"2020-12-03T15:18:20","date_gmt":"2020-12-03T15:18:20","guid":{"rendered":"https:\/\/erea-joel-jeannot.fr\/?page_id=451"},"modified":"2021-01-28T17:43:48","modified_gmt":"2021-01-28T17:43:48","slug":"u-l-i-s","status":"publish","type":"page","link":"https:\/\/erea-joel-jeannot.fr\/?page_id=451","title":{"rendered":"U.L.I.S."},"content":{"rendered":"\t\t<div data-elementor-type=\"wp-page\" data-elementor-id=\"451\" class=\"elementor elementor-451\" data-elementor-post-type=\"page\">\n\t\t\t\t\t\t<section class=\"elementor-section elementor-top-section elementor-element elementor-element-ab15d52 elementor-section-boxed elementor-section-height-default elementor-section-height-default\" data-id=\"ab15d52\" data-element_type=\"section\" data-e-type=\"section\">\n\t\t\t\t\t\t<div class=\"elementor-container elementor-column-gap-default\">\n\t\t\t\t\t<div class=\"elementor-column elementor-col-100 elementor-top-column elementor-element elementor-element-ca617ce\" data-id=\"ca617ce\" data-element_type=\"column\" data-e-type=\"column\">\n\t\t\t<div class=\"elementor-widget-wrap elementor-element-populated\">\n\t\t\t\t\t\t<div class=\"elementor-element elementor-element-388ca74 elementor-widget elementor-widget-spacer\" data-id=\"388ca74\" data-element_type=\"widget\" data-e-type=\"widget\" data-widget_type=\"spacer.default\">\n\t\t\t\t<div class=\"elementor-widget-container\">\n\t\t\t\t\t\t\t<div class=\"elementor-spacer\">\n\t\t\t<div class=\"elementor-spacer-inner\"><\/div>\n\t\t<\/div>\n\t\t\t\t\t\t<\/div>\n\t\t\t\t<\/div>\n\t\t\t\t<div class=\"elementor-element elementor-element-91606fa elementor-widget elementor-widget-heading\" data-id=\"91606fa\" data-element_type=\"widget\" data-e-type=\"widget\" data-widget_type=\"heading.default\">\n\t\t\t\t<div class=\"elementor-widget-container\">\n\t\t\t\t\t<h2 class=\"elementor-heading-title elementor-size-default\">Unit\u00e9 Localis\u00e9e pour l\u2019Inclusion Scolaire (U.L.I.S)  de type \u00ablyc\u00e9e professionnel\u00bb qui accueille des adolescents en situation de handicap, int\u00e9gr\u00e9s dans les formations professionnelles en fonction de leur projet.<\/h2>\t\t\t\t<\/div>\n\t\t\t\t<\/div>\n\t\t\t\t<div class=\"elementor-element elementor-element-f68e574 elementor-widget-divider--view-line elementor-widget elementor-widget-divider\" data-id=\"f68e574\" data-element_type=\"widget\" data-e-type=\"widget\" data-widget_type=\"divider.default\">\n\t\t\t\t<div class=\"elementor-widget-container\">\n\t\t\t\t\t\t\t<div class=\"elementor-divider\">\n\t\t\t<span class=\"elementor-divider-separator\">\n\t\t\t\t\t\t<\/span>\n\t\t<\/div>\n\t\t\t\t\t\t<\/div>\n\t\t\t\t<\/div>\n\t\t\t\t<div class=\"elementor-element elementor-element-0699635 elementor-widget elementor-widget-heading\" data-id=\"0699635\" data-element_type=\"widget\" data-e-type=\"widget\" data-widget_type=\"heading.default\">\n\t\t\t\t<div class=\"elementor-widget-container\">\n\t\t\t\t\t<h2 class=\"elementor-heading-title elementor-size-default\">U.L.I.S. Unit\u00e9 Localis\u00e9e pour l'Inclusion Scolaire<\/h2>\t\t\t\t<\/div>\n\t\t\t\t<\/div>\n\t\t\t\t\t<\/div>\n\t\t<\/div>\n\t\t\t\t\t<\/div>\n\t\t<\/section>\n\t\t\t\t<section class=\"elementor-section elementor-top-section elementor-element elementor-element-61e14a8 elementor-section-boxed elementor-section-height-default elementor-section-height-default\" data-id=\"61e14a8\" data-element_type=\"section\" data-e-type=\"section\">\n\t\t\t\t\t\t<div class=\"elementor-container elementor-column-gap-default\">\n\t\t\t\t\t<div class=\"elementor-column elementor-col-50 elementor-top-column elementor-element elementor-element-c1584c1\" data-id=\"c1584c1\" data-element_type=\"column\" data-e-type=\"column\">\n\t\t\t<div class=\"elementor-widget-wrap elementor-element-populated\">\n\t\t\t\t\t\t<div class=\"elementor-element elementor-element-9c024e7 elementor-widget elementor-widget-text-editor\" data-id=\"9c024e7\" data-element_type=\"widget\" data-e-type=\"widget\" data-widget_type=\"text-editor.default\">\n\t\t\t\t<div class=\"elementor-widget-container\">\n\t\t\t\t\t\t\t\t\t<p><span style=\"color: #333333;\"><b>Scolarisation des \u00e9l\u00e8ves handicap\u00e9s <br \/>Dispositif collectif au sein d&rsquo;un \u00e9tablissement du second degr\u00e9<\/b><\/span><br \/><span style=\"color: #33cccc;\"><br \/>BO n\u00b028 du 15\/07\/10 \u2013 circulaire n\u00b02010-088 du 18\/06\/10<\/span><\/p><p><span style=\"color: #333333;\">L\u2019Ulis est un dispositif collectif permettant d\u2019organiser la scolarit\u00e9 et la formation professionnelle d\u2019adolescents en situation de handicap par la mise en \u0153uvre de projets personnalis\u00e9s de scolarisation.<\/span><\/p><p><span style=\"color: #333333;\">L\u2019orientation en Ulis est d\u00e9cid\u00e9e par la CDAPH (Commission des droits et de l\u2019autonomie des personnes handicap\u00e9es).<\/span><\/p><p><span style=\"color: #333333;\">Cette structure favorise l\u2019inclusion des \u00e9l\u00e8ves en classe ordinaire, tant en enseignements g\u00e9n\u00e9raux qu\u2019en enseignements professionnels.<\/span><\/p><p><span style=\"color: #333333;\">La formation propos\u00e9e peut aussi \u00eatre envisag\u00e9e dans un autre lyc\u00e9e professionnel.<\/span><\/p><p><span style=\"color: #333333;\">L\u2019objectif final de l\u2019orientation en Ulis n\u2019est pas forc\u00e9ment l\u2019obtention d\u2019un dipl\u00f4me, m\u00eame s\u2019il est envisageable.<\/span><\/p><p><span style=\"color: #333333;\">Ce dispositif permet l\u2019acquisition de techniques, de savoirs et de gestes professionnels valid\u00e9s par un livret de comp\u00e9tences.<\/span><\/p>\t\t\t\t\t\t\t\t<\/div>\n\t\t\t\t<\/div>\n\t\t\t\t\t<\/div>\n\t\t<\/div>\n\t\t\t\t<div class=\"elementor-column elementor-col-50 elementor-top-column elementor-element elementor-element-09c88b2\" data-id=\"09c88b2\" data-element_type=\"column\" data-e-type=\"column\" data-settings=\"{&quot;background_background&quot;:&quot;classic&quot;}\">\n\t\t\t<div class=\"elementor-widget-wrap elementor-element-populated\">\n\t\t\t\t\t\t<div class=\"elementor-element elementor-element-2d33ba6 elementor-widget elementor-widget-heading\" data-id=\"2d33ba6\" data-element_type=\"widget\" data-e-type=\"widget\" data-widget_type=\"heading.default\">\n\t\t\t\t<div class=\"elementor-widget-container\">\n\t\t\t\t\t<h3 class=\"elementor-heading-title elementor-size-default\">Ulis vue par les \u00e9l\u00e8ves<\/h3>\t\t\t\t<\/div>\n\t\t\t\t<\/div>\n\t\t\t\t<section class=\"elementor-section elementor-inner-section elementor-element elementor-element-13bab7d elementor-section-boxed elementor-section-height-default elementor-section-height-default\" data-id=\"13bab7d\" data-element_type=\"section\" data-e-type=\"section\">\n\t\t\t\t\t\t<div class=\"elementor-container elementor-column-gap-default\">\n\t\t\t\t\t<div class=\"elementor-column elementor-col-50 elementor-inner-column elementor-element elementor-element-dc28f77\" data-id=\"dc28f77\" data-element_type=\"column\" data-e-type=\"column\">\n\t\t\t<div class=\"elementor-widget-wrap elementor-element-populated\">\n\t\t\t\t\t\t<div class=\"elementor-element elementor-element-0308337 elementor-widget elementor-widget-testimonial\" data-id=\"0308337\" data-element_type=\"widget\" data-e-type=\"widget\" data-widget_type=\"testimonial.default\">\n\t\t\t\t<div class=\"elementor-widget-container\">\n\t\t\t\t\t\t\t<div class=\"elementor-testimonial-wrapper\">\n\t\t\t\t\t\t\t<div class=\"elementor-testimonial-content\">A l\u2019Ulis, on travaille bien.<br>J\u2019apprends \u00e0 lire et je fais des maths.<br>Je pr\u00e9pare l\u2019ASSR.<br><br>Le mardi apr\u00e8s-midi, je suis en atelier menuiserie.<br>On fabrique des tables, des escaliers.<br>La premi\u00e8re chose que j\u2019ai fabriqu\u00e9, <br>c\u2019\u00e9tait un carr\u00e9 pour le potager de la classe.<br>L\u2019atelier c\u2019est bien !<br><br>Je suis en cours de 9h \u00e0 11h<br>et en stage de 11h45 jusqu\u2019\u00e0 14h30.<br>En stage, je fais la cuisine dans un restaurant.<br>Je pr\u00e9pare les plats avec le cuisinier.<\/div>\n\t\t\t\n\t\t\t\t\t\t<div class=\"elementor-testimonial-meta elementor-has-image elementor-testimonial-image-position-aside\">\n\t\t\t\t<div class=\"elementor-testimonial-meta-inner\">\n\t\t\t\t\t\t\t\t\t\t\t<div class=\"elementor-testimonial-image\">\n\t\t\t\t\t\t\t<img fetchpriority=\"high\" decoding=\"async\" width=\"1768\" height=\"1920\" src=\"https:\/\/erea-joel-jeannot.fr\/wp-content\/uploads\/2020\/12\/boy-2766699.png\" class=\"attachment-full size-full wp-image-986\" alt=\"\" srcset=\"https:\/\/erea-joel-jeannot.fr\/wp-content\/uploads\/2020\/12\/boy-2766699.png 1768w, https:\/\/erea-joel-jeannot.fr\/wp-content\/uploads\/2020\/12\/boy-2766699-276x300.png 276w, https:\/\/erea-joel-jeannot.fr\/wp-content\/uploads\/2020\/12\/boy-2766699-943x1024.png 943w, https:\/\/erea-joel-jeannot.fr\/wp-content\/uploads\/2020\/12\/boy-2766699-768x834.png 768w, https:\/\/erea-joel-jeannot.fr\/wp-content\/uploads\/2020\/12\/boy-2766699-1414x1536.png 1414w\" sizes=\"(max-width: 1768px) 100vw, 1768px\" \/>\t\t\t\t\t\t<\/div>\n\t\t\t\t\t\n\t\t\t\t\t\t\t\t\t\t<div class=\"elementor-testimonial-details\">\n\t\t\t\t\t\t\t\t\t\t\t\t\t\t<div class=\"elementor-testimonial-name\">Jonathan<\/div>\n\t\t\t\t\t\t\t\t\t\t\t\t\t\t\t\t\t\t\t\t\t\t<div class=\"elementor-testimonial-job\">El\u00e8ve<\/div>\n\t\t\t\t\t\t\t\t\t\t\t\t\t<\/div>\n\t\t\t\t\t\t\t\t\t<\/div>\n\t\t\t<\/div>\n\t\t\t\t\t<\/div>\n\t\t\t\t\t\t<\/div>\n\t\t\t\t<\/div>\n\t\t\t\t\t<\/div>\n\t\t<\/div>\n\t\t\t\t<div class=\"elementor-column elementor-col-50 elementor-inner-column elementor-element elementor-element-730b678\" data-id=\"730b678\" data-element_type=\"column\" data-e-type=\"column\">\n\t\t\t<div class=\"elementor-widget-wrap elementor-element-populated\">\n\t\t\t\t\t\t<div class=\"elementor-element elementor-element-28e545f elementor-widget elementor-widget-testimonial\" data-id=\"28e545f\" data-element_type=\"widget\" data-e-type=\"widget\" data-widget_type=\"testimonial.default\">\n\t\t\t\t<div class=\"elementor-widget-container\">\n\t\t\t\t\t\t\t<div class=\"elementor-testimonial-wrapper\">\n\t\t\t\t\t\t\t<div class=\"elementor-testimonial-content\">Je voudrais faire un CAP de fleuristerie \u00e0 l\u2019 E.R.E.A  pour devenir fleuriste. <br><br>Dans la classe de l\u2019 Ulis, j\u2019apprends, les  mati\u00e8res g\u00e9n\u00e9rales: les maths, le fran\u00e7ais, les sciences. <br><br>Mais aussi, on apprend \u00e0 faire  des films. <br><br>On a pris la cam\u00e9ra et on a film\u00e9 l\u2019atelier menuiserie.<br><br>Ensuite on a regard\u00e9 les rush avec M\u00e9lanie et M Parisis pour  pouvoir faire le montage. <br><br>Le jeudi, en semaine A, on fait de l\u2019anglais  avec  Mme Joseph. <br><br>Le lundi apr\u00e8s-midi et le jeudi matin, on fait sport avec M Cochet.<br><br>En d\u00e9but d\u2019ann\u00e9e, on a visit\u00e9 les ateliers  fleuristerie, menuiserie , m\u00e9tallerie,  MHL,  productions horticoles, travaux paysagers.<br><br>Le premier trimestre, je suis all\u00e9e en atelier HAS avec les 3\u00e8me. Maintenant, je suis en fleuristerie et \u00e7a me plait. <br><br>J\u2019aime faire des bouquets.<br><br>Bient\u00f4t,  je vais aller en stage chez Marina qui est fleuriste \u00e0 Neuvic.<\/div>\n\t\t\t\n\t\t\t\t\t\t<div class=\"elementor-testimonial-meta elementor-has-image elementor-testimonial-image-position-aside\">\n\t\t\t\t<div class=\"elementor-testimonial-meta-inner\">\n\t\t\t\t\t\t\t\t\t\t\t<div class=\"elementor-testimonial-image\">\n\t\t\t\t\t\t\t<img decoding=\"async\" width=\"3000\" height=\"4243\" src=\"https:\/\/erea-joel-jeannot.fr\/wp-content\/uploads\/2020\/12\/cute-3545786.png\" class=\"attachment-full size-full wp-image-1001\" alt=\"\" srcset=\"https:\/\/erea-joel-jeannot.fr\/wp-content\/uploads\/2020\/12\/cute-3545786.png 3000w, https:\/\/erea-joel-jeannot.fr\/wp-content\/uploads\/2020\/12\/cute-3545786-212x300.png 212w, https:\/\/erea-joel-jeannot.fr\/wp-content\/uploads\/2020\/12\/cute-3545786-724x1024.png 724w, https:\/\/erea-joel-jeannot.fr\/wp-content\/uploads\/2020\/12\/cute-3545786-768x1086.png 768w, https:\/\/erea-joel-jeannot.fr\/wp-content\/uploads\/2020\/12\/cute-3545786-1086x1536.png 1086w, https:\/\/erea-joel-jeannot.fr\/wp-content\/uploads\/2020\/12\/cute-3545786-1448x2048.png 1448w\" sizes=\"(max-width: 3000px) 100vw, 3000px\" \/>\t\t\t\t\t\t<\/div>\n\t\t\t\t\t\n\t\t\t\t\t\t\t\t\t\t<div class=\"elementor-testimonial-details\">\n\t\t\t\t\t\t\t\t\t\t\t\t\t\t<div class=\"elementor-testimonial-name\">Claire<\/div>\n\t\t\t\t\t\t\t\t\t\t\t\t\t\t\t\t\t\t\t\t\t\t<div class=\"elementor-testimonial-job\">El\u00e8ve<\/div>\n\t\t\t\t\t\t\t\t\t\t\t\t\t<\/div>\n\t\t\t\t\t\t\t\t\t<\/div>\n\t\t\t<\/div>\n\t\t\t\t\t<\/div>\n\t\t\t\t\t\t<\/div>\n\t\t\t\t<\/div>\n\t\t\t\t\t<\/div>\n\t\t<\/div>\n\t\t\t\t\t<\/div>\n\t\t<\/section>\n\t\t\t\t\t<\/div>\n\t\t<\/div>\n\t\t\t\t\t<\/div>\n\t\t<\/section>\n\t\t\t\t<\/div>\n\t\t","protected":false},"excerpt":{"rendered":"<p>Unit\u00e9 Localis\u00e9e pour l\u2019Inclusion Scolaire (U.L.I.S) de type \u00ablyc\u00e9e professionnel\u00bb qui accueille des adolescents en situation de handicap, int\u00e9gr\u00e9s dans les formations professionnelles en fonction de leur projet. U.L.I.S. Unit\u00e9 Localis\u00e9e pour l&rsquo;Inclusion Scolaire Scolarisation des \u00e9l\u00e8ves handicap\u00e9s Dispositif collectif au sein d&rsquo;un \u00e9tablissement du second degr\u00e9 BO n\u00b028 du 15\/07\/10 \u2013 circulaire n\u00b02010-088 du [&hellip;]<\/p>\n","protected":false},"author":3,"featured_media":0,"parent":0,"menu_order":0,"comment_status":"closed","ping_status":"closed","template":"elementor_header_footer","meta":{"site-sidebar-layout":"no-sidebar","site-content-layout":"page-builder","ast-site-content-layout":"default","site-content-style":"default","site-sidebar-style":"default","ast-global-header-display":"","ast-banner-title-visibility":"","ast-main-header-display":"disabled","ast-hfb-above-header-display":"","ast-hfb-below-header-display":"","ast-hfb-mobile-header-display":"","site-post-title":"disabled","ast-breadcrumbs-content":"disabled","ast-featured-img":"disabled","footer-sml-layout":"","ast-disable-related-posts":"","theme-transparent-header-meta":"default","adv-header-id-meta":"","stick-header-meta":"","header-above-stick-meta":"","header-main-stick-meta":"","header-below-stick-meta":"","astra-migrate-meta-layouts":"default","ast-page-background-enabled":"default","ast-page-background-meta":{"desktop":{"background-color":"","background-image":"","background-repeat":"repeat","background-position":"center center","background-size":"auto","background-attachment":"scroll","background-type":"","background-media":"","overlay-type":"","overlay-color":"","overlay-opacity":"","overlay-gradient":""},"tablet":{"background-color":"","background-image":"","background-repeat":"repeat","background-position":"center center","background-size":"auto","background-attachment":"scroll","background-type":"","background-media":"","overlay-type":"","overlay-color":"","overlay-opacity":"","overlay-gradient":""},"mobile":{"background-color":"","background-image":"","background-repeat":"repeat","background-position":"center center","background-size":"auto","background-attachment":"scroll","background-type":"","background-media":"","overlay-type":"","overlay-color":"","overlay-opacity":"","overlay-gradient":""}},"ast-content-background-meta":{"desktop":{"background-color":"var(--ast-global-color-5)","background-image":"","background-repeat":"repeat","background-position":"center center","background-size":"auto","background-attachment":"scroll","background-type":"","background-media":"","overlay-type":"","overlay-color":"","overlay-opacity":"","overlay-gradient":""},"tablet":{"background-color":"var(--ast-global-color-5)","background-image":"","background-repeat":"repeat","background-position":"center center","background-size":"auto","background-attachment":"scroll","background-type":"","background-media":"","overlay-type":"","overlay-color":"","overlay-opacity":"","overlay-gradient":""},"mobile":{"background-color":"var(--ast-global-color-5)","background-image":"","background-repeat":"repeat","background-position":"center center","background-size":"auto","background-attachment":"scroll","background-type":"","background-media":"","overlay-type":"","overlay-color":"","overlay-opacity":"","overlay-gradient":""}},"footnotes":""},"class_list":["post-451","page","type-page","status-publish","hentry"],"_links":{"self":[{"href":"https:\/\/erea-joel-jeannot.fr\/index.php?rest_route=\/wp\/v2\/pages\/451","targetHints":{"allow":["GET"]}}],"collection":[{"href":"https:\/\/erea-joel-jeannot.fr\/index.php?rest_route=\/wp\/v2\/pages"}],"about":[{"href":"https:\/\/erea-joel-jeannot.fr\/index.php?rest_route=\/wp\/v2\/types\/page"}],"author":[{"embeddable":true,"href":"https:\/\/erea-joel-jeannot.fr\/index.php?rest_route=\/wp\/v2\/users\/3"}],"replies":[{"embeddable":true,"href":"https:\/\/erea-joel-jeannot.fr\/index.php?rest_route=%2Fwp%2Fv2%2Fcomments&post=451"}],"version-history":[{"count":16,"href":"https:\/\/erea-joel-jeannot.fr\/index.php?rest_route=\/wp\/v2\/pages\/451\/revisions"}],"predecessor-version":[{"id":2700,"href":"https:\/\/erea-joel-jeannot.fr\/index.php?rest_route=\/wp\/v2\/pages\/451\/revisions\/2700"}],"wp:attachment":[{"href":"https:\/\/erea-joel-jeannot.fr\/index.php?rest_route=%2Fwp%2Fv2%2Fmedia&parent=451"}],"curies":[{"name":"wp","href":"https:\/\/api.w.org\/{rel}","templated":true}]}}