{"id":454,"date":"2020-12-03T15:19:00","date_gmt":"2020-12-03T15:19:00","guid":{"rendered":"https:\/\/erea-joel-jeannot.fr\/?page_id=454"},"modified":"2024-07-02T12:44:08","modified_gmt":"2024-07-02T11:44:08","slug":"college-segpa","status":"publish","type":"page","link":"https:\/\/erea-joel-jeannot.fr\/?page_id=454","title":{"rendered":"Coll\u00e8ge-SEGPA"},"content":{"rendered":"\t\t<div data-elementor-type=\"wp-page\" data-elementor-id=\"454\" class=\"elementor elementor-454\" data-elementor-post-type=\"page\">\n\t\t\t\t\t\t<section class=\"elementor-section elementor-top-section elementor-element elementor-element-711ced3 elementor-section-boxed elementor-section-height-default elementor-section-height-default\" data-id=\"711ced3\" data-element_type=\"section\" data-e-type=\"section\">\n\t\t\t\t\t\t<div class=\"elementor-container elementor-column-gap-default\">\n\t\t\t\t\t<div class=\"elementor-column elementor-col-100 elementor-top-column elementor-element elementor-element-4f6abe3\" data-id=\"4f6abe3\" data-element_type=\"column\" data-e-type=\"column\">\n\t\t\t<div class=\"elementor-widget-wrap elementor-element-populated\">\n\t\t\t\t\t\t<div class=\"elementor-element elementor-element-f1b2d86 elementor-widget elementor-widget-spacer\" data-id=\"f1b2d86\" data-element_type=\"widget\" data-e-type=\"widget\" data-widget_type=\"spacer.default\">\n\t\t\t\t<div class=\"elementor-widget-container\">\n\t\t\t\t\t\t\t<div class=\"elementor-spacer\">\n\t\t\t<div class=\"elementor-spacer-inner\"><\/div>\n\t\t<\/div>\n\t\t\t\t\t\t<\/div>\n\t\t\t\t<\/div>\n\t\t\t\t<div class=\"elementor-element elementor-element-644c63d elementor-widget elementor-widget-heading\" data-id=\"644c63d\" data-element_type=\"widget\" data-e-type=\"widget\" data-widget_type=\"heading.default\">\n\t\t\t\t<div class=\"elementor-widget-container\">\n\t\t\t\t\t<h2 class=\"elementor-heading-title elementor-size-default\">Coll\u00e8ge - SEGPA<\/h2>\t\t\t\t<\/div>\n\t\t\t\t<\/div>\n\t\t\t\t\t<\/div>\n\t\t<\/div>\n\t\t\t\t\t<\/div>\n\t\t<\/section>\n\t\t\t\t<section class=\"elementor-section elementor-top-section elementor-element elementor-element-7d87449 elementor-section-boxed elementor-section-height-default elementor-section-height-default\" data-id=\"7d87449\" data-element_type=\"section\" data-e-type=\"section\">\n\t\t\t\t\t\t<div class=\"elementor-container elementor-column-gap-default\">\n\t\t\t\t\t<div class=\"elementor-column elementor-col-100 elementor-top-column elementor-element elementor-element-3fc611f\" data-id=\"3fc611f\" data-element_type=\"column\" data-e-type=\"column\">\n\t\t\t<div class=\"elementor-widget-wrap elementor-element-populated\">\n\t\t\t\t\t\t<div class=\"elementor-element elementor-element-f3ee7b2 elementor-widget elementor-widget-text-editor\" data-id=\"f3ee7b2\" data-element_type=\"widget\" data-e-type=\"widget\" data-widget_type=\"text-editor.default\">\n\t\t\t\t<div class=\"elementor-widget-container\">\n\t\t\t\t\t\t\t\t\t<p><span style=\"color: #333333;\">En parcourant cette page vous trouverez une pr\u00e9sentation de la formation.<\/span><\/p><p><b><span style=\"color: #333333;\">Pr\u00e9sentation<\/span><\/b><\/p><p><span style=\"color: #333333;\">Votre enfant rencontre des difficult\u00e9s d&rsquo;apprentissage importantes et persistantes et il ne ma\u00eetrise pas toutes les comp\u00e9tences de l&rsquo;\u00e9cole primaire. <\/span><br \/><span style=\"color: #333333;\">Il peut se voir proposer d&rsquo;int\u00e9grer une SEGPA.<\/span><\/p><p><span style=\"color: #333333;\">Avec votre accord, c&rsquo;est la CDOEASD (Commission d\u00e9partementale d&rsquo;orientation des enseignements adapt\u00e9s du second degr\u00e9) qui d\u00e9cide de cette affectation.<\/span><\/p><p><span style=\"color: #333333;\">L&rsquo;organisation de la scolarit\u00e9 est la m\u00eame qu&rsquo;au coll\u00e8ge : 4 ans, de la 6\u00e8me \u00e0 la 3\u00e8me, r\u00e9partis en trois cycles. <\/span><br \/><span style=\"color: #333333;\">Ces sections permettent l&rsquo;acc\u00e8s \u00e0 une formation professionnelle de niveau V (CAP). <\/span><br \/><span style=\"color: #333333;\">\u00c0 partir de la classe de 4\u00e8me, les enseignements comportent une premi\u00e8re approche professionnelle. Votre enfant suit des cours en atelier et fait des stages en milieu professionnel. Il b\u00e9n\u00e9ficie aussi d&rsquo;une aide \u00e0 l&rsquo;orientation et \u00e0 l&rsquo;insertion. En fin de 3\u00e8me, il passe le CFG (Certificat de formation g\u00e9n\u00e9rale) et le DNB pro (Dipl\u00f4me National du Brevet). <\/span><br \/><span style=\"color: #333333;\">Il choisit une formation professionnelle en lyc\u00e9e professionnel ou par apprentissage ou reste dans l&rsquo;enseignement <span style=\"color: #333300;\">adapt\u00e9.<\/span><\/span><\/p><p><span style=\"color: #333300;\">A l&rsquo;EREA, nous accueillons les coll\u00e9giens \u00e0 partir de la 4\u00e8me.<\/span><\/p>\t\t\t\t\t\t\t\t<\/div>\n\t\t\t\t<\/div>\n\t\t\t\t\t<\/div>\n\t\t<\/div>\n\t\t\t\t\t<\/div>\n\t\t<\/section>\n\t\t\t\t<\/div>\n\t\t","protected":false},"excerpt":{"rendered":"<p>Coll\u00e8ge &#8211; SEGPA En parcourant cette page vous trouverez une pr\u00e9sentation de la formation. Pr\u00e9sentation Votre enfant rencontre des difficult\u00e9s d&rsquo;apprentissage importantes et persistantes et il ne ma\u00eetrise pas toutes les comp\u00e9tences de l&rsquo;\u00e9cole primaire. Il peut se voir proposer d&rsquo;int\u00e9grer une SEGPA. Avec votre accord, c&rsquo;est la CDOEASD (Commission d\u00e9partementale d&rsquo;orientation des enseignements adapt\u00e9s [&hellip;]<\/p>\n","protected":false},"author":3,"featured_media":0,"parent":0,"menu_order":0,"comment_status":"closed","ping_status":"closed","template":"elementor_header_footer","meta":{"site-sidebar-layout":"no-sidebar","site-content-layout":"page-builder","ast-site-content-layout":"default","site-content-style":"default","site-sidebar-style":"default","ast-global-header-display":"","ast-banner-title-visibility":"","ast-main-header-display":"disabled","ast-hfb-above-header-display":"","ast-hfb-below-header-display":"","ast-hfb-mobile-header-display":"","site-post-title":"disabled","ast-breadcrumbs-content":"disabled","ast-featured-img":"disabled","footer-sml-layout":"","ast-disable-related-posts":"","theme-transparent-header-meta":"default","adv-header-id-meta":"","stick-header-meta":"","header-above-stick-meta":"","header-main-stick-meta":"","header-below-stick-meta":"","astra-migrate-meta-layouts":"default","ast-page-background-enabled":"default","ast-page-background-meta":{"desktop":{"background-color":"","background-image":"","background-repeat":"repeat","background-position":"center center","background-size":"auto","background-attachment":"scroll","background-type":"","background-media":"","overlay-type":"","overlay-color":"","overlay-opacity":"","overlay-gradient":""},"tablet":{"background-color":"","background-image":"","background-repeat":"repeat","background-position":"center center","background-size":"auto","background-attachment":"scroll","background-type":"","background-media":"","overlay-type":"","overlay-color":"","overlay-opacity":"","overlay-gradient":""},"mobile":{"background-color":"","background-image":"","background-repeat":"repeat","background-position":"center center","background-size":"auto","background-attachment":"scroll","background-type":"","background-media":"","overlay-type":"","overlay-color":"","overlay-opacity":"","overlay-gradient":""}},"ast-content-background-meta":{"desktop":{"background-color":"var(--ast-global-color-5)","background-image":"","background-repeat":"repeat","background-position":"center center","background-size":"auto","background-attachment":"scroll","background-type":"","background-media":"","overlay-type":"","overlay-color":"","overlay-opacity":"","overlay-gradient":""},"tablet":{"background-color":"var(--ast-global-color-5)","background-image":"","background-repeat":"repeat","background-position":"center center","background-size":"auto","background-attachment":"scroll","background-type":"","background-media":"","overlay-type":"","overlay-color":"","overlay-opacity":"","overlay-gradient":""},"mobile":{"background-color":"var(--ast-global-color-5)","background-image":"","background-repeat":"repeat","background-position":"center center","background-size":"auto","background-attachment":"scroll","background-type":"","background-media":"","overlay-type":"","overlay-color":"","overlay-opacity":"","overlay-gradient":""}},"footnotes":""},"class_list":["post-454","page","type-page","status-publish","hentry"],"_links":{"self":[{"href":"https:\/\/erea-joel-jeannot.fr\/index.php?rest_route=\/wp\/v2\/pages\/454","targetHints":{"allow":["GET"]}}],"collection":[{"href":"https:\/\/erea-joel-jeannot.fr\/index.php?rest_route=\/wp\/v2\/pages"}],"about":[{"href":"https:\/\/erea-joel-jeannot.fr\/index.php?rest_route=\/wp\/v2\/types\/page"}],"author":[{"embeddable":true,"href":"https:\/\/erea-joel-jeannot.fr\/index.php?rest_route=\/wp\/v2\/users\/3"}],"replies":[{"embeddable":true,"href":"https:\/\/erea-joel-jeannot.fr\/index.php?rest_route=%2Fwp%2Fv2%2Fcomments&post=454"}],"version-history":[{"count":31,"href":"https:\/\/erea-joel-jeannot.fr\/index.php?rest_route=\/wp\/v2\/pages\/454\/revisions"}],"predecessor-version":[{"id":5588,"href":"https:\/\/erea-joel-jeannot.fr\/index.php?rest_route=\/wp\/v2\/pages\/454\/revisions\/5588"}],"wp:attachment":[{"href":"https:\/\/erea-joel-jeannot.fr\/index.php?rest_route=%2Fwp%2Fv2%2Fmedia&parent=454"}],"curies":[{"name":"wp","href":"https:\/\/api.w.org\/{rel}","templated":true}]}}